{"id":1059,"date":"2022-08-09T19:45:47","date_gmt":"2022-08-09T18:45:47","guid":{"rendered":"https:\/\/www.unitedapartments.cz\/byty\/cs-armady\/"},"modified":"2023-03-26T11:12:18","modified_gmt":"2023-03-26T10:12:18","slug":"cs-armady","status":"publish","type":"product","link":"https:\/\/www.unitedapartments.cz\/en\/flats\/cs-armady\/","title":{"rendered":"\u010cS. Arm\u00e1dy 1 (room) \u010cS. Arm\u00e1dy 16"},"content":{"rendered":"<p><strong><span style=\"color: #000000\">Rent\u00a0 \u00a0 \u00a0 \u00a0 10 356 K\u010d<\/span><\/strong><br \/>\n<strong><span style=\"color: #000000\">Fees\u00a0 \u00a0 \u00a0 \u00a0 \u00a0 \u00a02 144 K\u010d<\/span><\/strong><\/p>\n<p><strong><span style=\"color: #000000\">Total\u00a0 \u00a0 \u00a0 \u00a0 12 500 K\u010d<\/span><\/strong><\/p>\n<p><span style=\"color: #000000\">A separate impassable room in 3-room apartment located in Dejvice near Victory square. Within reach you will find restaurants and shops. The Dejvick\u00e1 metro station is within a few minutes walk from the building. A short distance from this apartment you can find CTU (\u010cVUT), UCT (V\u0160CHT). In the apartment you will find many renovated original elements - wooden floors, doors with frames and high ceilings.<\/span><\/p>\n","protected":false},"excerpt":{"rendered":"<p>Rent\u00a0 \u00a0 \u00a0 \u00a0 10 356 K\u010d Fees\u00a0 \u00a0 \u00a0 \u00a0 \u00a0 \u00a02 144 K\u010d Total\u00a0 \u00a0 \u00a0 \u00a0 12 500 K\u010d A separate impassable room in 3-room apartment located in Dejvice near Victory square. Within reach you will find restaurants and shops. The Dejvick\u00e1 metro station is within a few minutes walk from the [&hellip;]<\/p>\n","protected":false},"featured_media":1050,"template":"","meta":[],"product_cat":[98],"product_tag":[],"acf":[],"yoast_head":"<!-- This site is optimized with the Yoast SEO plugin v20.1 - https:\/\/yoast.com\/wordpress\/plugins\/seo\/ -->\n<title>\u010cS. Arm\u00e1dy 1 (room) \u010cS. Arm\u00e1dy 16 - United apartments<\/title>\n<meta name=\"robots\" content=\"index, follow, max-snippet:-1, max-image-preview:large, max-video-preview:-1\" \/>\n<link rel=\"canonical\" href=\"https:\/\/www.unitedapartments.cz\/en\/flats\/cs-armady\/\" \/>\n<meta property=\"og:locale\" content=\"en_US\" \/>\n<meta property=\"og:type\" content=\"article\" \/>\n<meta property=\"og:title\" content=\"\u010cS. Arm\u00e1dy 1 (room) \u010cS. Arm\u00e1dy 16 - United apartments\" \/>\n<meta property=\"og:description\" content=\"Rent\u00a0 \u00a0 \u00a0 \u00a0 10 356 K\u010d Fees\u00a0 \u00a0 \u00a0 \u00a0 \u00a0 \u00a02 144 K\u010d Total\u00a0 \u00a0 \u00a0 \u00a0 12 500 K\u010d A separate impassable room in 3-room apartment located in Dejvice near Victory square. Within reach you will find restaurants and shops. The Dejvick\u00e1 metro station is within a few minutes walk from the [&hellip;]\" \/>\n<meta property=\"og:url\" content=\"https:\/\/www.unitedapartments.cz\/en\/flats\/cs-armady\/\" \/>\n<meta property=\"og:site_name\" content=\"United apartments\" \/>\n<meta property=\"article:modified_time\" content=\"2023-03-26T10:12:18+00:00\" \/>\n<meta property=\"og:image\" content=\"https:\/\/www.unitedapartments.cz\/wp-content\/uploads\/2022\/08\/MT5_0989-kopie-scaled.jpg\" \/>\n\t<meta property=\"og:image:width\" content=\"2560\" \/>\n\t<meta property=\"og:image:height\" content=\"1707\" \/>\n\t<meta property=\"og:image:type\" content=\"image\/jpeg\" \/>\n<meta name=\"twitter:card\" content=\"summary_large_image\" \/>\n<meta name=\"twitter:label1\" content=\"Est. reading time\" \/>\n\t<meta name=\"twitter:data1\" content=\"1 minute\" \/>\n<script type=\"application\/ld+json\" class=\"yoast-schema-graph\">{\"@context\":\"https:\/\/schema.org\",\"@graph\":[{\"@type\":\"WebPage\",\"@id\":\"https:\/\/www.unitedapartments.cz\/en\/flats\/cs-armady\/\",\"url\":\"https:\/\/www.unitedapartments.cz\/en\/flats\/cs-armady\/\",\"name\":\"\u010cS. Arm\u00e1dy 1 (room) \u010cS. Arm\u00e1dy 16 - United apartments\",\"isPartOf\":{\"@id\":\"https:\/\/www.unitedapartments.cz\/en\/#website\"},\"datePublished\":\"2022-08-09T18:45:47+00:00\",\"dateModified\":\"2023-03-26T10:12:18+00:00\",\"breadcrumb\":{\"@id\":\"https:\/\/www.unitedapartments.cz\/en\/flats\/cs-armady\/#breadcrumb\"},\"inLanguage\":\"en-US\",\"potentialAction\":[{\"@type\":\"ReadAction\",\"target\":[\"https:\/\/www.unitedapartments.cz\/en\/flats\/cs-armady\/\"]}]},{\"@type\":\"BreadcrumbList\",\"@id\":\"https:\/\/www.unitedapartments.cz\/en\/flats\/cs-armady\/#breadcrumb\",\"itemListElement\":[{\"@type\":\"ListItem\",\"position\":1,\"name\":\"Home\",\"item\":\"https:\/\/www.unitedapartments.cz\/en\/\"},{\"@type\":\"ListItem\",\"position\":2,\"name\":\"Byty\",\"item\":\"https:\/\/www.unitedapartments.cz\/en\/flats\/\"},{\"@type\":\"ListItem\",\"position\":3,\"name\":\"\u010cS. Arm\u00e1dy 1 (room) \u010cS. Arm\u00e1dy 16\"}]},{\"@type\":\"WebSite\",\"@id\":\"https:\/\/www.unitedapartments.cz\/en\/#website\",\"url\":\"https:\/\/www.unitedapartments.cz\/en\/\",\"name\":\"United apartments\",\"description\":\"Pron\u00e1jem byt\u016f\",\"publisher\":{\"@id\":\"https:\/\/www.unitedapartments.cz\/en\/#organization\"},\"potentialAction\":[{\"@type\":\"SearchAction\",\"target\":{\"@type\":\"EntryPoint\",\"urlTemplate\":\"https:\/\/www.unitedapartments.cz\/en\/?s={search_term_string}\"},\"query-input\":\"required name=search_term_string\"}],\"inLanguage\":\"en-US\"},{\"@type\":\"Organization\",\"@id\":\"https:\/\/www.unitedapartments.cz\/en\/#organization\",\"name\":\"United Apartments\",\"url\":\"https:\/\/www.unitedapartments.cz\/en\/\",\"logo\":{\"@type\":\"ImageObject\",\"inLanguage\":\"en-US\",\"@id\":\"https:\/\/www.unitedapartments.cz\/en\/#\/schema\/logo\/image\/\",\"url\":\"https:\/\/www.unitedapartments.cz\/wp-content\/uploads\/2022\/05\/Logo-UA-vektor-1.png\",\"contentUrl\":\"https:\/\/www.unitedapartments.cz\/wp-content\/uploads\/2022\/05\/Logo-UA-vektor-1.png\",\"width\":135,\"height\":73,\"caption\":\"United Apartments\"},\"image\":{\"@id\":\"https:\/\/www.unitedapartments.cz\/en\/#\/schema\/logo\/image\/\"}}]}<\/script>\n<!-- \/ Yoast SEO plugin. -->","yoast_head_json":{"title":"\u010cS. Arm\u00e1dy 1 (room) \u010cS. Arm\u00e1dy 16 - United apartments","robots":{"index":"index","follow":"follow","max-snippet":"max-snippet:-1","max-image-preview":"max-image-preview:large","max-video-preview":"max-video-preview:-1"},"canonical":"https:\/\/www.unitedapartments.cz\/en\/flats\/cs-armady\/","og_locale":"en_US","og_type":"article","og_title":"\u010cS. Arm\u00e1dy 1 (room) \u010cS. Arm\u00e1dy 16 - United apartments","og_description":"Rent\u00a0 \u00a0 \u00a0 \u00a0 10 356 K\u010d Fees\u00a0 \u00a0 \u00a0 \u00a0 \u00a0 \u00a02 144 K\u010d Total\u00a0 \u00a0 \u00a0 \u00a0 12 500 K\u010d A separate impassable room in 3-room apartment located in Dejvice near Victory square. Within reach you will find restaurants and shops. The Dejvick\u00e1 metro station is within a few minutes walk from the [&hellip;]","og_url":"https:\/\/www.unitedapartments.cz\/en\/flats\/cs-armady\/","og_site_name":"United apartments","article_modified_time":"2023-03-26T10:12:18+00:00","og_image":[{"width":2560,"height":1707,"url":"https:\/\/www.unitedapartments.cz\/wp-content\/uploads\/2022\/08\/MT5_0989-kopie-scaled.jpg","type":"image\/jpeg"}],"twitter_card":"summary_large_image","twitter_misc":{"Est. reading time":"1 minute"},"schema":{"@context":"https:\/\/schema.org","@graph":[{"@type":"WebPage","@id":"https:\/\/www.unitedapartments.cz\/en\/flats\/cs-armady\/","url":"https:\/\/www.unitedapartments.cz\/en\/flats\/cs-armady\/","name":"\u010cS. Arm\u00e1dy 1 (room) \u010cS. Arm\u00e1dy 16 - United apartments","isPartOf":{"@id":"https:\/\/www.unitedapartments.cz\/en\/#website"},"datePublished":"2022-08-09T18:45:47+00:00","dateModified":"2023-03-26T10:12:18+00:00","breadcrumb":{"@id":"https:\/\/www.unitedapartments.cz\/en\/flats\/cs-armady\/#breadcrumb"},"inLanguage":"en-US","potentialAction":[{"@type":"ReadAction","target":["https:\/\/www.unitedapartments.cz\/en\/flats\/cs-armady\/"]}]},{"@type":"BreadcrumbList","@id":"https:\/\/www.unitedapartments.cz\/en\/flats\/cs-armady\/#breadcrumb","itemListElement":[{"@type":"ListItem","position":1,"name":"Home","item":"https:\/\/www.unitedapartments.cz\/en\/"},{"@type":"ListItem","position":2,"name":"Byty","item":"https:\/\/www.unitedapartments.cz\/en\/flats\/"},{"@type":"ListItem","position":3,"name":"\u010cS. Arm\u00e1dy 1 (room) \u010cS. Arm\u00e1dy 16"}]},{"@type":"WebSite","@id":"https:\/\/www.unitedapartments.cz\/en\/#website","url":"https:\/\/www.unitedapartments.cz\/en\/","name":"United apartments","description":"Pron\u00e1jem byt\u016f","publisher":{"@id":"https:\/\/www.unitedapartments.cz\/en\/#organization"},"potentialAction":[{"@type":"SearchAction","target":{"@type":"EntryPoint","urlTemplate":"https:\/\/www.unitedapartments.cz\/en\/?s={search_term_string}"},"query-input":"required name=search_term_string"}],"inLanguage":"en-US"},{"@type":"Organization","@id":"https:\/\/www.unitedapartments.cz\/en\/#organization","name":"United Apartments","url":"https:\/\/www.unitedapartments.cz\/en\/","logo":{"@type":"ImageObject","inLanguage":"en-US","@id":"https:\/\/www.unitedapartments.cz\/en\/#\/schema\/logo\/image\/","url":"https:\/\/www.unitedapartments.cz\/wp-content\/uploads\/2022\/05\/Logo-UA-vektor-1.png","contentUrl":"https:\/\/www.unitedapartments.cz\/wp-content\/uploads\/2022\/05\/Logo-UA-vektor-1.png","width":135,"height":73,"caption":"United Apartments"},"image":{"@id":"https:\/\/www.unitedapartments.cz\/en\/#\/schema\/logo\/image\/"}}]}},"_links":{"self":[{"href":"https:\/\/www.unitedapartments.cz\/en\/wp-json\/wp\/v2\/product\/1059"}],"collection":[{"href":"https:\/\/www.unitedapartments.cz\/en\/wp-json\/wp\/v2\/product"}],"about":[{"href":"https:\/\/www.unitedapartments.cz\/en\/wp-json\/wp\/v2\/types\/product"}],"wp:featuredmedia":[{"embeddable":true,"href":"https:\/\/www.unitedapartments.cz\/en\/wp-json\/wp\/v2\/media\/1050"}],"wp:attachment":[{"href":"https:\/\/www.unitedapartments.cz\/en\/wp-json\/wp\/v2\/media?parent=1059"}],"wp:term":[{"taxonomy":"product_cat","embeddable":true,"href":"https:\/\/www.unitedapartments.cz\/en\/wp-json\/wp\/v2\/product_cat?post=1059"},{"taxonomy":"product_tag","embeddable":true,"href":"https:\/\/www.unitedapartments.cz\/en\/wp-json\/wp\/v2\/product_tag?post=1059"}],"curies":[{"name":"wp","href":"https:\/\/api.w.org\/{rel}","templated":true}]}}