{"id":1179,"date":"2023-01-21T22:36:20","date_gmt":"2023-01-21T21:36:20","guid":{"rendered":"https:\/\/www.unitedapartments.cz\/byty\/byt-1kk-janackovo-nabrezi-2-praha-5-byt-c-2\/"},"modified":"2023-03-26T11:12:12","modified_gmt":"2023-03-26T10:12:12","slug":"apartment-1kitchenette-janackovo-nabrezi-2-praha-5","status":"publish","type":"product","link":"https:\/\/www.unitedapartments.cz\/en\/flats\/apartment-1kitchenette-janackovo-nabrezi-2-praha-5\/","title":{"rendered":"Apartment 1+kitchenette Jan\u00e1\u010dkovo n\u00e1b\u0159e\u017e\u00ed 2, Praha 5"},"content":{"rendered":"<p><strong><span style=\"color: #000000\">Rent\u00a0 \u00a0 \u00a0 \u00a0 \u00a0 \u00a0 \u00a0 \u00a0 \u00a013 300 K\u010d<br \/>\nUtilities \u00a0 \u00a0 \u00a0 \u00a0 \u00a0 \u00a0 \u00a0 \u00a0700 K\u010d<br \/>\n<\/span><\/strong><\/p>\n<p><strong><span style=\"color: #000000\">Total\u00a0 \u00a0 \u00a0 \u00a0 \u00a0 \u00a0 \u00a0 \u00a0 14 000 K\u010d<br \/>\nDeposits for electricity\u00a0 \u00a0 \u00a0 \u00a0 To be transferred to the tenant<br \/>\n<\/span><\/strong><\/p>\n<p><span style=\"color: #000000\">Studio on the riverside ideal for a young professional, or a couple. The apartment is quiet despite it's the central location as windows are facing an inner courtyard. Well accessible by public transport with a nice view on the riverside and Prague Castle from the nearby bridge. Located near Smichovska naplavka with bars and bistros.The apartment is fully furnished including bedsheet, towels, kicthen equipment and other necessary amenities.<\/span><\/p>\n<p><span style=\"color: #000000\">Bedrooms: 1<br \/>\nBathrooms: 1<br \/>\nCapacity: 2<br \/>\nHeating: electrical heating<\/span><\/p>\n<p><span style=\"color: #000000\"><strong>Address: Dienzenhoferovy sady 117\/6, Praha 5, 150 00<\/strong><\/span><\/p>\n<p><span style=\"color: #000000\"><strong>Public transport:<\/strong><br \/>\n<\/span><span style=\"color: #000000\">Metro B: And\u011bl<br \/>\n<\/span><span style=\"color: #000000\">Tram: And\u011bl \/ Jir\u00e1skovo n\u00e1m\u011bst\u00ed<\/span><\/p>\n<p>&nbsp;<\/p>\n<p><span style=\"color: #000000\">Available from: <strong>currently not available<\/strong><\/span><\/p>\n","protected":false},"excerpt":{"rendered":"<p>Rent\u00a0 \u00a0 \u00a0 \u00a0 \u00a0 \u00a0 \u00a0 \u00a0 \u00a013 300 K\u010d Utilities \u00a0 \u00a0 \u00a0 \u00a0 \u00a0 \u00a0 \u00a0 \u00a0700 K\u010d Total\u00a0 \u00a0 \u00a0 \u00a0 \u00a0 \u00a0 \u00a0 \u00a0 14 000 K\u010d Deposits for electricity\u00a0 \u00a0 \u00a0 \u00a0 To be transferred to the tenant Studio on the riverside ideal for a young professional, or a [&hellip;]<\/p>\n","protected":false},"featured_media":1160,"template":"","meta":[],"product_cat":[97],"product_tag":[],"acf":[],"yoast_head":"<!-- This site is optimized with the Yoast SEO plugin v20.1 - https:\/\/yoast.com\/wordpress\/plugins\/seo\/ -->\n<title>Apartment 1+kitchenette Jan\u00e1\u010dkovo n\u00e1b\u0159e\u017e\u00ed 2, Praha 5 - United apartments<\/title>\n<meta name=\"robots\" content=\"index, follow, max-snippet:-1, max-image-preview:large, max-video-preview:-1\" \/>\n<link rel=\"canonical\" href=\"https:\/\/www.unitedapartments.cz\/en\/flats\/apartment-1kitchenette-janackovo-nabrezi-2-praha-5\/\" \/>\n<meta property=\"og:locale\" content=\"en_US\" \/>\n<meta property=\"og:type\" content=\"article\" \/>\n<meta property=\"og:title\" content=\"Apartment 1+kitchenette Jan\u00e1\u010dkovo n\u00e1b\u0159e\u017e\u00ed 2, Praha 5 - United apartments\" \/>\n<meta property=\"og:description\" content=\"Rent\u00a0 \u00a0 \u00a0 \u00a0 \u00a0 \u00a0 \u00a0 \u00a0 \u00a013 300 K\u010d Utilities \u00a0 \u00a0 \u00a0 \u00a0 \u00a0 \u00a0 \u00a0 \u00a0700 K\u010d Total\u00a0 \u00a0 \u00a0 \u00a0 \u00a0 \u00a0 \u00a0 \u00a0 14 000 K\u010d Deposits for electricity\u00a0 \u00a0 \u00a0 \u00a0 To be transferred to the tenant Studio on the riverside ideal for a young professional, or a [&hellip;]\" \/>\n<meta property=\"og:url\" content=\"https:\/\/www.unitedapartments.cz\/en\/flats\/apartment-1kitchenette-janackovo-nabrezi-2-praha-5\/\" \/>\n<meta property=\"og:site_name\" content=\"United apartments\" \/>\n<meta property=\"article:modified_time\" content=\"2023-03-26T10:12:12+00:00\" \/>\n<meta property=\"og:image\" content=\"https:\/\/www.unitedapartments.cz\/wp-content\/uploads\/2023\/01\/MG_0017.jpg\" \/>\n\t<meta property=\"og:image:width\" content=\"1920\" \/>\n\t<meta property=\"og:image:height\" content=\"1280\" \/>\n\t<meta property=\"og:image:type\" content=\"image\/jpeg\" \/>\n<meta name=\"twitter:card\" content=\"summary_large_image\" \/>\n<meta name=\"twitter:label1\" content=\"Est. reading time\" \/>\n\t<meta name=\"twitter:data1\" content=\"1 minute\" \/>\n<script type=\"application\/ld+json\" class=\"yoast-schema-graph\">{\"@context\":\"https:\/\/schema.org\",\"@graph\":[{\"@type\":\"WebPage\",\"@id\":\"https:\/\/www.unitedapartments.cz\/en\/flats\/apartment-1kitchenette-janackovo-nabrezi-2-praha-5\/\",\"url\":\"https:\/\/www.unitedapartments.cz\/en\/flats\/apartment-1kitchenette-janackovo-nabrezi-2-praha-5\/\",\"name\":\"Apartment 1+kitchenette Jan\u00e1\u010dkovo n\u00e1b\u0159e\u017e\u00ed 2, Praha 5 - United apartments\",\"isPartOf\":{\"@id\":\"https:\/\/www.unitedapartments.cz\/en\/#website\"},\"datePublished\":\"2023-01-21T21:36:20+00:00\",\"dateModified\":\"2023-03-26T10:12:12+00:00\",\"breadcrumb\":{\"@id\":\"https:\/\/www.unitedapartments.cz\/en\/flats\/apartment-1kitchenette-janackovo-nabrezi-2-praha-5\/#breadcrumb\"},\"inLanguage\":\"en-US\",\"potentialAction\":[{\"@type\":\"ReadAction\",\"target\":[\"https:\/\/www.unitedapartments.cz\/en\/flats\/apartment-1kitchenette-janackovo-nabrezi-2-praha-5\/\"]}]},{\"@type\":\"BreadcrumbList\",\"@id\":\"https:\/\/www.unitedapartments.cz\/en\/flats\/apartment-1kitchenette-janackovo-nabrezi-2-praha-5\/#breadcrumb\",\"itemListElement\":[{\"@type\":\"ListItem\",\"position\":1,\"name\":\"Home\",\"item\":\"https:\/\/www.unitedapartments.cz\/en\/\"},{\"@type\":\"ListItem\",\"position\":2,\"name\":\"Byty\",\"item\":\"https:\/\/www.unitedapartments.cz\/en\/flats\/\"},{\"@type\":\"ListItem\",\"position\":3,\"name\":\"Apartment 1+kitchenette Jan\u00e1\u010dkovo n\u00e1b\u0159e\u017e\u00ed 2, Praha 5\"}]},{\"@type\":\"WebSite\",\"@id\":\"https:\/\/www.unitedapartments.cz\/en\/#website\",\"url\":\"https:\/\/www.unitedapartments.cz\/en\/\",\"name\":\"United apartments\",\"description\":\"Pron\u00e1jem byt\u016f\",\"publisher\":{\"@id\":\"https:\/\/www.unitedapartments.cz\/en\/#organization\"},\"potentialAction\":[{\"@type\":\"SearchAction\",\"target\":{\"@type\":\"EntryPoint\",\"urlTemplate\":\"https:\/\/www.unitedapartments.cz\/en\/?s={search_term_string}\"},\"query-input\":\"required name=search_term_string\"}],\"inLanguage\":\"en-US\"},{\"@type\":\"Organization\",\"@id\":\"https:\/\/www.unitedapartments.cz\/en\/#organization\",\"name\":\"United Apartments\",\"url\":\"https:\/\/www.unitedapartments.cz\/en\/\",\"logo\":{\"@type\":\"ImageObject\",\"inLanguage\":\"en-US\",\"@id\":\"https:\/\/www.unitedapartments.cz\/en\/#\/schema\/logo\/image\/\",\"url\":\"https:\/\/www.unitedapartments.cz\/wp-content\/uploads\/2022\/05\/Logo-UA-vektor-1.png\",\"contentUrl\":\"https:\/\/www.unitedapartments.cz\/wp-content\/uploads\/2022\/05\/Logo-UA-vektor-1.png\",\"width\":135,\"height\":73,\"caption\":\"United Apartments\"},\"image\":{\"@id\":\"https:\/\/www.unitedapartments.cz\/en\/#\/schema\/logo\/image\/\"}}]}<\/script>\n<!-- \/ Yoast SEO plugin. -->","yoast_head_json":{"title":"Apartment 1+kitchenette Jan\u00e1\u010dkovo n\u00e1b\u0159e\u017e\u00ed 2, Praha 5 - United apartments","robots":{"index":"index","follow":"follow","max-snippet":"max-snippet:-1","max-image-preview":"max-image-preview:large","max-video-preview":"max-video-preview:-1"},"canonical":"https:\/\/www.unitedapartments.cz\/en\/flats\/apartment-1kitchenette-janackovo-nabrezi-2-praha-5\/","og_locale":"en_US","og_type":"article","og_title":"Apartment 1+kitchenette Jan\u00e1\u010dkovo n\u00e1b\u0159e\u017e\u00ed 2, Praha 5 - United apartments","og_description":"Rent\u00a0 \u00a0 \u00a0 \u00a0 \u00a0 \u00a0 \u00a0 \u00a0 \u00a013 300 K\u010d Utilities \u00a0 \u00a0 \u00a0 \u00a0 \u00a0 \u00a0 \u00a0 \u00a0700 K\u010d Total\u00a0 \u00a0 \u00a0 \u00a0 \u00a0 \u00a0 \u00a0 \u00a0 14 000 K\u010d Deposits for electricity\u00a0 \u00a0 \u00a0 \u00a0 To be transferred to the tenant Studio on the riverside ideal for a young professional, or a [&hellip;]","og_url":"https:\/\/www.unitedapartments.cz\/en\/flats\/apartment-1kitchenette-janackovo-nabrezi-2-praha-5\/","og_site_name":"United apartments","article_modified_time":"2023-03-26T10:12:12+00:00","og_image":[{"width":1920,"height":1280,"url":"https:\/\/www.unitedapartments.cz\/wp-content\/uploads\/2023\/01\/MG_0017.jpg","type":"image\/jpeg"}],"twitter_card":"summary_large_image","twitter_misc":{"Est. reading time":"1 minute"},"schema":{"@context":"https:\/\/schema.org","@graph":[{"@type":"WebPage","@id":"https:\/\/www.unitedapartments.cz\/en\/flats\/apartment-1kitchenette-janackovo-nabrezi-2-praha-5\/","url":"https:\/\/www.unitedapartments.cz\/en\/flats\/apartment-1kitchenette-janackovo-nabrezi-2-praha-5\/","name":"Apartment 1+kitchenette Jan\u00e1\u010dkovo n\u00e1b\u0159e\u017e\u00ed 2, Praha 5 - United apartments","isPartOf":{"@id":"https:\/\/www.unitedapartments.cz\/en\/#website"},"datePublished":"2023-01-21T21:36:20+00:00","dateModified":"2023-03-26T10:12:12+00:00","breadcrumb":{"@id":"https:\/\/www.unitedapartments.cz\/en\/flats\/apartment-1kitchenette-janackovo-nabrezi-2-praha-5\/#breadcrumb"},"inLanguage":"en-US","potentialAction":[{"@type":"ReadAction","target":["https:\/\/www.unitedapartments.cz\/en\/flats\/apartment-1kitchenette-janackovo-nabrezi-2-praha-5\/"]}]},{"@type":"BreadcrumbList","@id":"https:\/\/www.unitedapartments.cz\/en\/flats\/apartment-1kitchenette-janackovo-nabrezi-2-praha-5\/#breadcrumb","itemListElement":[{"@type":"ListItem","position":1,"name":"Home","item":"https:\/\/www.unitedapartments.cz\/en\/"},{"@type":"ListItem","position":2,"name":"Byty","item":"https:\/\/www.unitedapartments.cz\/en\/flats\/"},{"@type":"ListItem","position":3,"name":"Apartment 1+kitchenette Jan\u00e1\u010dkovo n\u00e1b\u0159e\u017e\u00ed 2, Praha 5"}]},{"@type":"WebSite","@id":"https:\/\/www.unitedapartments.cz\/en\/#website","url":"https:\/\/www.unitedapartments.cz\/en\/","name":"United apartments","description":"Pron\u00e1jem byt\u016f","publisher":{"@id":"https:\/\/www.unitedapartments.cz\/en\/#organization"},"potentialAction":[{"@type":"SearchAction","target":{"@type":"EntryPoint","urlTemplate":"https:\/\/www.unitedapartments.cz\/en\/?s={search_term_string}"},"query-input":"required name=search_term_string"}],"inLanguage":"en-US"},{"@type":"Organization","@id":"https:\/\/www.unitedapartments.cz\/en\/#organization","name":"United Apartments","url":"https:\/\/www.unitedapartments.cz\/en\/","logo":{"@type":"ImageObject","inLanguage":"en-US","@id":"https:\/\/www.unitedapartments.cz\/en\/#\/schema\/logo\/image\/","url":"https:\/\/www.unitedapartments.cz\/wp-content\/uploads\/2022\/05\/Logo-UA-vektor-1.png","contentUrl":"https:\/\/www.unitedapartments.cz\/wp-content\/uploads\/2022\/05\/Logo-UA-vektor-1.png","width":135,"height":73,"caption":"United Apartments"},"image":{"@id":"https:\/\/www.unitedapartments.cz\/en\/#\/schema\/logo\/image\/"}}]}},"_links":{"self":[{"href":"https:\/\/www.unitedapartments.cz\/en\/wp-json\/wp\/v2\/product\/1179"}],"collection":[{"href":"https:\/\/www.unitedapartments.cz\/en\/wp-json\/wp\/v2\/product"}],"about":[{"href":"https:\/\/www.unitedapartments.cz\/en\/wp-json\/wp\/v2\/types\/product"}],"wp:featuredmedia":[{"embeddable":true,"href":"https:\/\/www.unitedapartments.cz\/en\/wp-json\/wp\/v2\/media\/1160"}],"wp:attachment":[{"href":"https:\/\/www.unitedapartments.cz\/en\/wp-json\/wp\/v2\/media?parent=1179"}],"wp:term":[{"taxonomy":"product_cat","embeddable":true,"href":"https:\/\/www.unitedapartments.cz\/en\/wp-json\/wp\/v2\/product_cat?post=1179"},{"taxonomy":"product_tag","embeddable":true,"href":"https:\/\/www.unitedapartments.cz\/en\/wp-json\/wp\/v2\/product_tag?post=1179"}],"curies":[{"name":"wp","href":"https:\/\/api.w.org\/{rel}","templated":true}]}}