{"id":1441,"date":"2023-01-28T19:42:45","date_gmt":"2023-01-28T18:42:45","guid":{"rendered":"https:\/\/www.unitedapartments.cz\/byty\/pokoj-3-pribenicka-12-praha-3-byt-c-12\/"},"modified":"2023-03-26T11:11:59","modified_gmt":"2023-03-26T10:11:59","slug":"room-3-pribenicka-12-praha-3","status":"publish","type":"product","link":"https:\/\/www.unitedapartments.cz\/en\/flats\/room-3-pribenicka-12-praha-3\/","title":{"rendered":"ROOM 3 P\u0159\u00edb\u011bnick\u00e1 12, Praha 3"},"content":{"rendered":"<p><span style=\"color: #000000\"><strong>Rent\u00a0 \u00a0 \u00a0 \u00a0 \u00a0 \u00a0 \u00a0 \u00a0 \u00a0 \u00a0 \u00a0 \u00a0 \u00a0 \u00a0 \u00a0 \u00a0 \u00a0 \u00a0 \u00a0 \u00a0 \u00a0 \u00a0 \u00a0 \u00a0 \u00a0 \u00a0 \u00a0 \u00a08 712 K\u010d<\/strong><\/span><br \/>\n<span style=\"color: #000000\"><strong>Utilities\u00a0 \u00a0 \u00a0 \u00a0 \u00a0 \u00a0 \u00a0 \u00a0 \u00a0 \u00a0 \u00a0 \u00a0 \u00a0 \u00a0 \u00a0 \u00a0 \u00a0 \u00a0 \u00a0 \u00a0 \u00a0 \u00a0 \u00a0 \u00a01 000 K\u010d<br \/>\nDeposits for electricity\u00a0 \u00a0 \u00a0 \u00a0 \u00a0 \u00a0 \u00a0 588 K\u010d<br \/>\nDeposits for gas\u00a0 \u00a0 \u00a0 \u00a0 \u00a0 \u00a0 \u00a0 \u00a0 \u00a0 \u00a0 \u00a0 \u00a0 \u00a0 \u00a0 \u00a0 700 K\u010d<\/strong><\/span><\/p>\n<p><span style=\"color: #000000\"><strong>Total\u00a0 \u00a0 \u00a0 \u00a0 \u00a0 \u00a0 \u00a0 \u00a0 \u00a0 \u00a0 \u00a0 \u00a0 \u00a0 \u00a0 \u00a0 \u00a0 \u00a0 \u00a0 \u00a0 \u00a0 \u00a0 \u00a0 \u00a0 \u00a0 \u00a0 \u00a011 000 K\u010d<\/strong><\/span><\/p>\n<p><span style=\"color: #000000\">A separate room in a 4 bedroom rooftop apartment. Besides the great location in the city centre and unique feeling of this apartment in renovated 19th century building, the apartment is huge. 130m2, 4 separate bedrooms and kitchen will assure comfort for your stay in Prague. There is an elevator in the building so no worries with climbing up the stairs. Parking on spot is also available for extra charge. In the apartment you will find 2 bathrooms to make the flat sharing easier. The apartment is fully furnished including bedsheet, towels, kicthen equipment and other necessary amenities.<\/span><\/p>\n<p><span style=\"color: #000000\">Bathrooms: 2,5<br \/>\n<\/span><span style=\"color: #000000\">Apartment disposition: 5 + kitchenette<\/span><br style=\"color: #000000\" \/><span style=\"color: #000000\">Heating: gas boiler<\/span><\/p>\n<p><strong><span style=\"color: #000000\">Address: P\u0159\u00edb\u011bnick\u00e1 942\/1, Praha 3, 130 00<br \/>\n<\/span><\/strong><\/p>\n<p><span style=\"color: #000000\"><strong>Public transport:<br \/>\n<\/strong><\/span><span style=\"color: #000000\">Tram: Husineck\u00e1<br \/>\n<\/span><span style=\"color: #000000\"> Bus: U Pam\u00e1tn\u00edku<br \/>\nMetro C: Hlavn\u00ed n\u00e1dra\u017e\u00ed<\/span><\/p>\n<p>&nbsp;<\/p>\n<p><span style=\"color: #000000\">Available from:<strong> Currently not available<\/strong><\/span><\/p>\n","protected":false},"excerpt":{"rendered":"<p>Rent\u00a0 \u00a0 \u00a0 \u00a0 \u00a0 \u00a0 \u00a0 \u00a0 \u00a0 \u00a0 \u00a0 \u00a0 \u00a0 \u00a0 \u00a0 \u00a0 \u00a0 \u00a0 \u00a0 \u00a0 \u00a0 \u00a0 \u00a0 \u00a0 \u00a0 \u00a0 \u00a0 \u00a08 712 K\u010d Utilities\u00a0 \u00a0 \u00a0 \u00a0 \u00a0 \u00a0 \u00a0 \u00a0 \u00a0 \u00a0 \u00a0 \u00a0 \u00a0 \u00a0 \u00a0 \u00a0 \u00a0 \u00a0 \u00a0 \u00a0 \u00a0 \u00a0 \u00a0 \u00a01 000 [&hellip;]<\/p>\n","protected":false},"featured_media":1440,"template":"","meta":[],"product_cat":[98],"product_tag":[],"acf":[],"yoast_head":"<!-- This site is optimized with the Yoast SEO plugin v20.1 - https:\/\/yoast.com\/wordpress\/plugins\/seo\/ -->\n<title>ROOM 3 P\u0159\u00edb\u011bnick\u00e1 12, Praha 3 - United apartments<\/title>\n<meta name=\"robots\" content=\"index, follow, max-snippet:-1, max-image-preview:large, max-video-preview:-1\" \/>\n<link rel=\"canonical\" href=\"https:\/\/www.unitedapartments.cz\/en\/flats\/room-3-pribenicka-12-praha-3\/\" \/>\n<meta property=\"og:locale\" content=\"en_US\" \/>\n<meta property=\"og:type\" content=\"article\" \/>\n<meta property=\"og:title\" content=\"ROOM 3 P\u0159\u00edb\u011bnick\u00e1 12, Praha 3 - United apartments\" \/>\n<meta property=\"og:description\" content=\"Rent\u00a0 \u00a0 \u00a0 \u00a0 \u00a0 \u00a0 \u00a0 \u00a0 \u00a0 \u00a0 \u00a0 \u00a0 \u00a0 \u00a0 \u00a0 \u00a0 \u00a0 \u00a0 \u00a0 \u00a0 \u00a0 \u00a0 \u00a0 \u00a0 \u00a0 \u00a0 \u00a0 \u00a08 712 K\u010d Utilities\u00a0 \u00a0 \u00a0 \u00a0 \u00a0 \u00a0 \u00a0 \u00a0 \u00a0 \u00a0 \u00a0 \u00a0 \u00a0 \u00a0 \u00a0 \u00a0 \u00a0 \u00a0 \u00a0 \u00a0 \u00a0 \u00a0 \u00a0 \u00a01 000 [&hellip;]\" \/>\n<meta property=\"og:url\" content=\"https:\/\/www.unitedapartments.cz\/en\/flats\/room-3-pribenicka-12-praha-3\/\" \/>\n<meta property=\"og:site_name\" content=\"United apartments\" \/>\n<meta property=\"article:modified_time\" content=\"2023-03-26T10:11:59+00:00\" \/>\n<meta property=\"og:image\" content=\"https:\/\/www.unitedapartments.cz\/wp-content\/uploads\/2023\/01\/MT5_2934-kopie-scaled.jpg\" \/>\n\t<meta property=\"og:image:width\" content=\"2560\" \/>\n\t<meta property=\"og:image:height\" content=\"1707\" \/>\n\t<meta property=\"og:image:type\" content=\"image\/jpeg\" \/>\n<meta name=\"twitter:card\" content=\"summary_large_image\" \/>\n<meta name=\"twitter:label1\" content=\"Est. reading time\" \/>\n\t<meta name=\"twitter:data1\" content=\"1 minute\" \/>\n<script type=\"application\/ld+json\" class=\"yoast-schema-graph\">{\"@context\":\"https:\/\/schema.org\",\"@graph\":[{\"@type\":\"WebPage\",\"@id\":\"https:\/\/www.unitedapartments.cz\/en\/flats\/room-3-pribenicka-12-praha-3\/\",\"url\":\"https:\/\/www.unitedapartments.cz\/en\/flats\/room-3-pribenicka-12-praha-3\/\",\"name\":\"ROOM 3 P\u0159\u00edb\u011bnick\u00e1 12, Praha 3 - United apartments\",\"isPartOf\":{\"@id\":\"https:\/\/www.unitedapartments.cz\/en\/#website\"},\"datePublished\":\"2023-01-28T18:42:45+00:00\",\"dateModified\":\"2023-03-26T10:11:59+00:00\",\"breadcrumb\":{\"@id\":\"https:\/\/www.unitedapartments.cz\/en\/flats\/room-3-pribenicka-12-praha-3\/#breadcrumb\"},\"inLanguage\":\"en-US\",\"potentialAction\":[{\"@type\":\"ReadAction\",\"target\":[\"https:\/\/www.unitedapartments.cz\/en\/flats\/room-3-pribenicka-12-praha-3\/\"]}]},{\"@type\":\"BreadcrumbList\",\"@id\":\"https:\/\/www.unitedapartments.cz\/en\/flats\/room-3-pribenicka-12-praha-3\/#breadcrumb\",\"itemListElement\":[{\"@type\":\"ListItem\",\"position\":1,\"name\":\"Home\",\"item\":\"https:\/\/www.unitedapartments.cz\/en\/\"},{\"@type\":\"ListItem\",\"position\":2,\"name\":\"Byty\",\"item\":\"https:\/\/www.unitedapartments.cz\/en\/flats\/\"},{\"@type\":\"ListItem\",\"position\":3,\"name\":\"ROOM 3 P\u0159\u00edb\u011bnick\u00e1 12, Praha 3\"}]},{\"@type\":\"WebSite\",\"@id\":\"https:\/\/www.unitedapartments.cz\/en\/#website\",\"url\":\"https:\/\/www.unitedapartments.cz\/en\/\",\"name\":\"United apartments\",\"description\":\"Pron\u00e1jem byt\u016f\",\"publisher\":{\"@id\":\"https:\/\/www.unitedapartments.cz\/en\/#organization\"},\"potentialAction\":[{\"@type\":\"SearchAction\",\"target\":{\"@type\":\"EntryPoint\",\"urlTemplate\":\"https:\/\/www.unitedapartments.cz\/en\/?s={search_term_string}\"},\"query-input\":\"required name=search_term_string\"}],\"inLanguage\":\"en-US\"},{\"@type\":\"Organization\",\"@id\":\"https:\/\/www.unitedapartments.cz\/en\/#organization\",\"name\":\"United Apartments\",\"url\":\"https:\/\/www.unitedapartments.cz\/en\/\",\"logo\":{\"@type\":\"ImageObject\",\"inLanguage\":\"en-US\",\"@id\":\"https:\/\/www.unitedapartments.cz\/en\/#\/schema\/logo\/image\/\",\"url\":\"https:\/\/www.unitedapartments.cz\/wp-content\/uploads\/2022\/05\/Logo-UA-vektor-1.png\",\"contentUrl\":\"https:\/\/www.unitedapartments.cz\/wp-content\/uploads\/2022\/05\/Logo-UA-vektor-1.png\",\"width\":135,\"height\":73,\"caption\":\"United Apartments\"},\"image\":{\"@id\":\"https:\/\/www.unitedapartments.cz\/en\/#\/schema\/logo\/image\/\"}}]}<\/script>\n<!-- \/ Yoast SEO plugin. -->","yoast_head_json":{"title":"ROOM 3 P\u0159\u00edb\u011bnick\u00e1 12, Praha 3 - United apartments","robots":{"index":"index","follow":"follow","max-snippet":"max-snippet:-1","max-image-preview":"max-image-preview:large","max-video-preview":"max-video-preview:-1"},"canonical":"https:\/\/www.unitedapartments.cz\/en\/flats\/room-3-pribenicka-12-praha-3\/","og_locale":"en_US","og_type":"article","og_title":"ROOM 3 P\u0159\u00edb\u011bnick\u00e1 12, Praha 3 - United apartments","og_description":"Rent\u00a0 \u00a0 \u00a0 \u00a0 \u00a0 \u00a0 \u00a0 \u00a0 \u00a0 \u00a0 \u00a0 \u00a0 \u00a0 \u00a0 \u00a0 \u00a0 \u00a0 \u00a0 \u00a0 \u00a0 \u00a0 \u00a0 \u00a0 \u00a0 \u00a0 \u00a0 \u00a0 \u00a08 712 K\u010d Utilities\u00a0 \u00a0 \u00a0 \u00a0 \u00a0 \u00a0 \u00a0 \u00a0 \u00a0 \u00a0 \u00a0 \u00a0 \u00a0 \u00a0 \u00a0 \u00a0 \u00a0 \u00a0 \u00a0 \u00a0 \u00a0 \u00a0 \u00a0 \u00a01 000 [&hellip;]","og_url":"https:\/\/www.unitedapartments.cz\/en\/flats\/room-3-pribenicka-12-praha-3\/","og_site_name":"United apartments","article_modified_time":"2023-03-26T10:11:59+00:00","og_image":[{"width":2560,"height":1707,"url":"https:\/\/www.unitedapartments.cz\/wp-content\/uploads\/2023\/01\/MT5_2934-kopie-scaled.jpg","type":"image\/jpeg"}],"twitter_card":"summary_large_image","twitter_misc":{"Est. reading time":"1 minute"},"schema":{"@context":"https:\/\/schema.org","@graph":[{"@type":"WebPage","@id":"https:\/\/www.unitedapartments.cz\/en\/flats\/room-3-pribenicka-12-praha-3\/","url":"https:\/\/www.unitedapartments.cz\/en\/flats\/room-3-pribenicka-12-praha-3\/","name":"ROOM 3 P\u0159\u00edb\u011bnick\u00e1 12, Praha 3 - United apartments","isPartOf":{"@id":"https:\/\/www.unitedapartments.cz\/en\/#website"},"datePublished":"2023-01-28T18:42:45+00:00","dateModified":"2023-03-26T10:11:59+00:00","breadcrumb":{"@id":"https:\/\/www.unitedapartments.cz\/en\/flats\/room-3-pribenicka-12-praha-3\/#breadcrumb"},"inLanguage":"en-US","potentialAction":[{"@type":"ReadAction","target":["https:\/\/www.unitedapartments.cz\/en\/flats\/room-3-pribenicka-12-praha-3\/"]}]},{"@type":"BreadcrumbList","@id":"https:\/\/www.unitedapartments.cz\/en\/flats\/room-3-pribenicka-12-praha-3\/#breadcrumb","itemListElement":[{"@type":"ListItem","position":1,"name":"Home","item":"https:\/\/www.unitedapartments.cz\/en\/"},{"@type":"ListItem","position":2,"name":"Byty","item":"https:\/\/www.unitedapartments.cz\/en\/flats\/"},{"@type":"ListItem","position":3,"name":"ROOM 3 P\u0159\u00edb\u011bnick\u00e1 12, Praha 3"}]},{"@type":"WebSite","@id":"https:\/\/www.unitedapartments.cz\/en\/#website","url":"https:\/\/www.unitedapartments.cz\/en\/","name":"United apartments","description":"Pron\u00e1jem byt\u016f","publisher":{"@id":"https:\/\/www.unitedapartments.cz\/en\/#organization"},"potentialAction":[{"@type":"SearchAction","target":{"@type":"EntryPoint","urlTemplate":"https:\/\/www.unitedapartments.cz\/en\/?s={search_term_string}"},"query-input":"required name=search_term_string"}],"inLanguage":"en-US"},{"@type":"Organization","@id":"https:\/\/www.unitedapartments.cz\/en\/#organization","name":"United Apartments","url":"https:\/\/www.unitedapartments.cz\/en\/","logo":{"@type":"ImageObject","inLanguage":"en-US","@id":"https:\/\/www.unitedapartments.cz\/en\/#\/schema\/logo\/image\/","url":"https:\/\/www.unitedapartments.cz\/wp-content\/uploads\/2022\/05\/Logo-UA-vektor-1.png","contentUrl":"https:\/\/www.unitedapartments.cz\/wp-content\/uploads\/2022\/05\/Logo-UA-vektor-1.png","width":135,"height":73,"caption":"United Apartments"},"image":{"@id":"https:\/\/www.unitedapartments.cz\/en\/#\/schema\/logo\/image\/"}}]}},"_links":{"self":[{"href":"https:\/\/www.unitedapartments.cz\/en\/wp-json\/wp\/v2\/product\/1441"}],"collection":[{"href":"https:\/\/www.unitedapartments.cz\/en\/wp-json\/wp\/v2\/product"}],"about":[{"href":"https:\/\/www.unitedapartments.cz\/en\/wp-json\/wp\/v2\/types\/product"}],"wp:featuredmedia":[{"embeddable":true,"href":"https:\/\/www.unitedapartments.cz\/en\/wp-json\/wp\/v2\/media\/1440"}],"wp:attachment":[{"href":"https:\/\/www.unitedapartments.cz\/en\/wp-json\/wp\/v2\/media?parent=1441"}],"wp:term":[{"taxonomy":"product_cat","embeddable":true,"href":"https:\/\/www.unitedapartments.cz\/en\/wp-json\/wp\/v2\/product_cat?post=1441"},{"taxonomy":"product_tag","embeddable":true,"href":"https:\/\/www.unitedapartments.cz\/en\/wp-json\/wp\/v2\/product_tag?post=1441"}],"curies":[{"name":"wp","href":"https:\/\/api.w.org\/{rel}","templated":true}]}}