{"id":1490,"date":"2023-01-29T12:46:24","date_gmt":"2023-01-29T11:46:24","guid":{"rendered":"https:\/\/www.unitedapartments.cz\/byty\/pokoj-2-sumavska-praha-2\/"},"modified":"2023-03-26T11:11:56","modified_gmt":"2023-03-26T10:11:56","slug":"room-2-sumavska-praha-2","status":"publish","type":"product","link":"https:\/\/www.unitedapartments.cz\/en\/flats\/room-2-sumavska-praha-2\/","title":{"rendered":"ROOM 2 \u0160umavsk\u00e1, Praha 2"},"content":{"rendered":"<p><span style=\"color: #000000\"><strong>Rent\u00a0 \u00a0 \u00a0 \u00a0 \u00a0 \u00a0 \u00a0 \u00a0 \u00a0 \u00a0 \u00a0 \u00a0 \u00a0 \u00a0 \u00a0 \u00a0 \u00a0 \u00a0 \u00a0 \u00a0 \u00a0 \u00a0 \u00a0 \u00a0 \u00a0 \u00a0 \u00a0 \u00a07 190 K\u010d<\/strong><\/span><br \/>\n<span style=\"color: #000000\"><strong>Utilities\u00a0 \u00a0 \u00a0 \u00a0 \u00a0 \u00a0 \u00a0 \u00a0 \u00a0 \u00a0 \u00a0 \u00a0 \u00a0 \u00a0 \u00a0 \u00a0 \u00a0 \u00a0 \u00a0 \u00a0 \u00a0 \u00a0 \u00a0 \u00a0 \u00a0 800 K\u010d<br \/>\nDeposits for electricity\u00a0 \u00a0 \u00a0 \u00a0 \u00a0 \u00a0 \u00a0 343 K\u010d<br \/>\nDeposits for gas\u00a0 \u00a0 \u00a0 \u00a0 \u00a0 \u00a0 \u00a0 \u00a0 \u00a0 \u00a0 \u00a0 \u00a0 \u00a0 \u00a0 1 667 K\u010d<\/strong><\/span><\/p>\n<p><span style=\"color: #000000\"><strong>Total\u00a0 \u00a0 \u00a0 \u00a0 \u00a0 \u00a0 \u00a0 \u00a0 \u00a0 \u00a0 \u00a0 \u00a0 \u00a0 \u00a0 \u00a0 \u00a0 \u00a0 \u00a0 \u00a0 \u00a0 \u00a0 \u00a0 \u00a0 \u00a0 \u00a0 \u00a010 000 K\u010d<\/strong><\/span><\/p>\n<p><span style=\"color: #000000\">A separate room in a fully renovated 3 bedroom apartment located in the Vinohrady 19th century buidling with a private garden. Besides the great location in the city centre and unique feeling of this apartment in renovated 19th century building, the apartment was renovated specifically for flat sharing. 3 separate bedrooms and kitchen will assure comfort for your stay in Prague. Large kitchen is connected with a living room. Large private garden is accessible only from this apartment. The apartment is fully furnished including bedsheet, towels, kicthen equipment and other necessary amenities.<\/span><\/p>\n<p><span style=\"color: #000000\">Bathrooms: 1,5<br \/>\n<\/span><span style=\"color: #000000\">Apartment disposition: 4 + kitchenette<\/span><br style=\"color: #000000\" \/><span style=\"color: #000000\">Heating: gas boiler<\/span><\/p>\n<p><strong><span style=\"color: #000000\">Address: \u0160umavsk\u00e1 15, Praha 2, 120 00<br \/>\n<\/span><\/strong><\/p>\n<p><span style=\"color: #000000\"><strong>Public transport:<br \/>\n<\/strong>Metro A: N\u00e1m\u011bst\u00ed M\u00edru \/ Ji\u0159\u00edho z Pod\u011bbrad<br \/>\nTram: \u0160umavsk\u00e1<\/span><\/p>\n<p>&nbsp;<\/p>\n<p><span style=\"color: #000000\">Available from:<strong> Currently not available<\/strong><\/span><\/p>\n","protected":false},"excerpt":{"rendered":"<p>Rent\u00a0 \u00a0 \u00a0 \u00a0 \u00a0 \u00a0 \u00a0 \u00a0 \u00a0 \u00a0 \u00a0 \u00a0 \u00a0 \u00a0 \u00a0 \u00a0 \u00a0 \u00a0 \u00a0 \u00a0 \u00a0 \u00a0 \u00a0 \u00a0 \u00a0 \u00a0 \u00a0 \u00a07 190 K\u010d Utilities\u00a0 \u00a0 \u00a0 \u00a0 \u00a0 \u00a0 \u00a0 \u00a0 \u00a0 \u00a0 \u00a0 \u00a0 \u00a0 \u00a0 \u00a0 \u00a0 \u00a0 \u00a0 \u00a0 \u00a0 \u00a0 \u00a0 \u00a0 \u00a0 \u00a0 [&hellip;]<\/p>\n","protected":false},"featured_media":1489,"template":"","meta":[],"product_cat":[98],"product_tag":[],"acf":[],"yoast_head":"<!-- This site is optimized with the Yoast SEO plugin v20.1 - https:\/\/yoast.com\/wordpress\/plugins\/seo\/ -->\n<title>ROOM 2 \u0160umavsk\u00e1, Praha 2 - United apartments<\/title>\n<meta name=\"robots\" content=\"index, follow, max-snippet:-1, max-image-preview:large, max-video-preview:-1\" \/>\n<link rel=\"canonical\" href=\"https:\/\/www.unitedapartments.cz\/en\/flats\/room-2-sumavska-praha-2\/\" \/>\n<meta property=\"og:locale\" content=\"en_US\" \/>\n<meta property=\"og:type\" content=\"article\" \/>\n<meta property=\"og:title\" content=\"ROOM 2 \u0160umavsk\u00e1, Praha 2 - United apartments\" \/>\n<meta property=\"og:description\" content=\"Rent\u00a0 \u00a0 \u00a0 \u00a0 \u00a0 \u00a0 \u00a0 \u00a0 \u00a0 \u00a0 \u00a0 \u00a0 \u00a0 \u00a0 \u00a0 \u00a0 \u00a0 \u00a0 \u00a0 \u00a0 \u00a0 \u00a0 \u00a0 \u00a0 \u00a0 \u00a0 \u00a0 \u00a07 190 K\u010d Utilities\u00a0 \u00a0 \u00a0 \u00a0 \u00a0 \u00a0 \u00a0 \u00a0 \u00a0 \u00a0 \u00a0 \u00a0 \u00a0 \u00a0 \u00a0 \u00a0 \u00a0 \u00a0 \u00a0 \u00a0 \u00a0 \u00a0 \u00a0 \u00a0 \u00a0 [&hellip;]\" \/>\n<meta property=\"og:url\" content=\"https:\/\/www.unitedapartments.cz\/en\/flats\/room-2-sumavska-praha-2\/\" \/>\n<meta property=\"og:site_name\" content=\"United apartments\" \/>\n<meta property=\"article:modified_time\" content=\"2023-03-26T10:11:56+00:00\" \/>\n<meta property=\"og:image\" content=\"https:\/\/www.unitedapartments.cz\/wp-content\/uploads\/2023\/01\/MG_1851-kopie-scaled.jpg\" \/>\n\t<meta property=\"og:image:width\" content=\"2560\" \/>\n\t<meta property=\"og:image:height\" content=\"1707\" \/>\n\t<meta property=\"og:image:type\" content=\"image\/jpeg\" \/>\n<meta name=\"twitter:card\" content=\"summary_large_image\" \/>\n<meta name=\"twitter:label1\" content=\"Est. reading time\" \/>\n\t<meta name=\"twitter:data1\" content=\"1 minute\" \/>\n<script type=\"application\/ld+json\" class=\"yoast-schema-graph\">{\"@context\":\"https:\/\/schema.org\",\"@graph\":[{\"@type\":\"WebPage\",\"@id\":\"https:\/\/www.unitedapartments.cz\/en\/flats\/room-2-sumavska-praha-2\/\",\"url\":\"https:\/\/www.unitedapartments.cz\/en\/flats\/room-2-sumavska-praha-2\/\",\"name\":\"ROOM 2 \u0160umavsk\u00e1, Praha 2 - United apartments\",\"isPartOf\":{\"@id\":\"https:\/\/www.unitedapartments.cz\/en\/#website\"},\"datePublished\":\"2023-01-29T11:46:24+00:00\",\"dateModified\":\"2023-03-26T10:11:56+00:00\",\"breadcrumb\":{\"@id\":\"https:\/\/www.unitedapartments.cz\/en\/flats\/room-2-sumavska-praha-2\/#breadcrumb\"},\"inLanguage\":\"en-US\",\"potentialAction\":[{\"@type\":\"ReadAction\",\"target\":[\"https:\/\/www.unitedapartments.cz\/en\/flats\/room-2-sumavska-praha-2\/\"]}]},{\"@type\":\"BreadcrumbList\",\"@id\":\"https:\/\/www.unitedapartments.cz\/en\/flats\/room-2-sumavska-praha-2\/#breadcrumb\",\"itemListElement\":[{\"@type\":\"ListItem\",\"position\":1,\"name\":\"Home\",\"item\":\"https:\/\/www.unitedapartments.cz\/en\/\"},{\"@type\":\"ListItem\",\"position\":2,\"name\":\"Byty\",\"item\":\"https:\/\/www.unitedapartments.cz\/en\/flats\/\"},{\"@type\":\"ListItem\",\"position\":3,\"name\":\"ROOM 2 \u0160umavsk\u00e1, Praha 2\"}]},{\"@type\":\"WebSite\",\"@id\":\"https:\/\/www.unitedapartments.cz\/en\/#website\",\"url\":\"https:\/\/www.unitedapartments.cz\/en\/\",\"name\":\"United apartments\",\"description\":\"Pron\u00e1jem byt\u016f\",\"publisher\":{\"@id\":\"https:\/\/www.unitedapartments.cz\/en\/#organization\"},\"potentialAction\":[{\"@type\":\"SearchAction\",\"target\":{\"@type\":\"EntryPoint\",\"urlTemplate\":\"https:\/\/www.unitedapartments.cz\/en\/?s={search_term_string}\"},\"query-input\":\"required name=search_term_string\"}],\"inLanguage\":\"en-US\"},{\"@type\":\"Organization\",\"@id\":\"https:\/\/www.unitedapartments.cz\/en\/#organization\",\"name\":\"United Apartments\",\"url\":\"https:\/\/www.unitedapartments.cz\/en\/\",\"logo\":{\"@type\":\"ImageObject\",\"inLanguage\":\"en-US\",\"@id\":\"https:\/\/www.unitedapartments.cz\/en\/#\/schema\/logo\/image\/\",\"url\":\"https:\/\/www.unitedapartments.cz\/wp-content\/uploads\/2022\/05\/Logo-UA-vektor-1.png\",\"contentUrl\":\"https:\/\/www.unitedapartments.cz\/wp-content\/uploads\/2022\/05\/Logo-UA-vektor-1.png\",\"width\":135,\"height\":73,\"caption\":\"United Apartments\"},\"image\":{\"@id\":\"https:\/\/www.unitedapartments.cz\/en\/#\/schema\/logo\/image\/\"}}]}<\/script>\n<!-- \/ Yoast SEO plugin. -->","yoast_head_json":{"title":"ROOM 2 \u0160umavsk\u00e1, Praha 2 - United apartments","robots":{"index":"index","follow":"follow","max-snippet":"max-snippet:-1","max-image-preview":"max-image-preview:large","max-video-preview":"max-video-preview:-1"},"canonical":"https:\/\/www.unitedapartments.cz\/en\/flats\/room-2-sumavska-praha-2\/","og_locale":"en_US","og_type":"article","og_title":"ROOM 2 \u0160umavsk\u00e1, Praha 2 - United apartments","og_description":"Rent\u00a0 \u00a0 \u00a0 \u00a0 \u00a0 \u00a0 \u00a0 \u00a0 \u00a0 \u00a0 \u00a0 \u00a0 \u00a0 \u00a0 \u00a0 \u00a0 \u00a0 \u00a0 \u00a0 \u00a0 \u00a0 \u00a0 \u00a0 \u00a0 \u00a0 \u00a0 \u00a0 \u00a07 190 K\u010d Utilities\u00a0 \u00a0 \u00a0 \u00a0 \u00a0 \u00a0 \u00a0 \u00a0 \u00a0 \u00a0 \u00a0 \u00a0 \u00a0 \u00a0 \u00a0 \u00a0 \u00a0 \u00a0 \u00a0 \u00a0 \u00a0 \u00a0 \u00a0 \u00a0 \u00a0 [&hellip;]","og_url":"https:\/\/www.unitedapartments.cz\/en\/flats\/room-2-sumavska-praha-2\/","og_site_name":"United apartments","article_modified_time":"2023-03-26T10:11:56+00:00","og_image":[{"width":2560,"height":1707,"url":"https:\/\/www.unitedapartments.cz\/wp-content\/uploads\/2023\/01\/MG_1851-kopie-scaled.jpg","type":"image\/jpeg"}],"twitter_card":"summary_large_image","twitter_misc":{"Est. reading time":"1 minute"},"schema":{"@context":"https:\/\/schema.org","@graph":[{"@type":"WebPage","@id":"https:\/\/www.unitedapartments.cz\/en\/flats\/room-2-sumavska-praha-2\/","url":"https:\/\/www.unitedapartments.cz\/en\/flats\/room-2-sumavska-praha-2\/","name":"ROOM 2 \u0160umavsk\u00e1, Praha 2 - United apartments","isPartOf":{"@id":"https:\/\/www.unitedapartments.cz\/en\/#website"},"datePublished":"2023-01-29T11:46:24+00:00","dateModified":"2023-03-26T10:11:56+00:00","breadcrumb":{"@id":"https:\/\/www.unitedapartments.cz\/en\/flats\/room-2-sumavska-praha-2\/#breadcrumb"},"inLanguage":"en-US","potentialAction":[{"@type":"ReadAction","target":["https:\/\/www.unitedapartments.cz\/en\/flats\/room-2-sumavska-praha-2\/"]}]},{"@type":"BreadcrumbList","@id":"https:\/\/www.unitedapartments.cz\/en\/flats\/room-2-sumavska-praha-2\/#breadcrumb","itemListElement":[{"@type":"ListItem","position":1,"name":"Home","item":"https:\/\/www.unitedapartments.cz\/en\/"},{"@type":"ListItem","position":2,"name":"Byty","item":"https:\/\/www.unitedapartments.cz\/en\/flats\/"},{"@type":"ListItem","position":3,"name":"ROOM 2 \u0160umavsk\u00e1, Praha 2"}]},{"@type":"WebSite","@id":"https:\/\/www.unitedapartments.cz\/en\/#website","url":"https:\/\/www.unitedapartments.cz\/en\/","name":"United apartments","description":"Pron\u00e1jem byt\u016f","publisher":{"@id":"https:\/\/www.unitedapartments.cz\/en\/#organization"},"potentialAction":[{"@type":"SearchAction","target":{"@type":"EntryPoint","urlTemplate":"https:\/\/www.unitedapartments.cz\/en\/?s={search_term_string}"},"query-input":"required name=search_term_string"}],"inLanguage":"en-US"},{"@type":"Organization","@id":"https:\/\/www.unitedapartments.cz\/en\/#organization","name":"United Apartments","url":"https:\/\/www.unitedapartments.cz\/en\/","logo":{"@type":"ImageObject","inLanguage":"en-US","@id":"https:\/\/www.unitedapartments.cz\/en\/#\/schema\/logo\/image\/","url":"https:\/\/www.unitedapartments.cz\/wp-content\/uploads\/2022\/05\/Logo-UA-vektor-1.png","contentUrl":"https:\/\/www.unitedapartments.cz\/wp-content\/uploads\/2022\/05\/Logo-UA-vektor-1.png","width":135,"height":73,"caption":"United Apartments"},"image":{"@id":"https:\/\/www.unitedapartments.cz\/en\/#\/schema\/logo\/image\/"}}]}},"_links":{"self":[{"href":"https:\/\/www.unitedapartments.cz\/en\/wp-json\/wp\/v2\/product\/1490"}],"collection":[{"href":"https:\/\/www.unitedapartments.cz\/en\/wp-json\/wp\/v2\/product"}],"about":[{"href":"https:\/\/www.unitedapartments.cz\/en\/wp-json\/wp\/v2\/types\/product"}],"wp:featuredmedia":[{"embeddable":true,"href":"https:\/\/www.unitedapartments.cz\/en\/wp-json\/wp\/v2\/media\/1489"}],"wp:attachment":[{"href":"https:\/\/www.unitedapartments.cz\/en\/wp-json\/wp\/v2\/media?parent=1490"}],"wp:term":[{"taxonomy":"product_cat","embeddable":true,"href":"https:\/\/www.unitedapartments.cz\/en\/wp-json\/wp\/v2\/product_cat?post=1490"},{"taxonomy":"product_tag","embeddable":true,"href":"https:\/\/www.unitedapartments.cz\/en\/wp-json\/wp\/v2\/product_tag?post=1490"}],"curies":[{"name":"wp","href":"https:\/\/api.w.org\/{rel}","templated":true}]}}