{"id":1513,"date":"2023-01-29T12:55:34","date_gmt":"2023-01-29T11:55:34","guid":{"rendered":"https:\/\/www.unitedapartments.cz\/byty\/byt-21-vejvodova-11-praha-2-byt-c-11\/"},"modified":"2023-03-26T11:13:16","modified_gmt":"2023-03-26T10:13:16","slug":"apartment-21-vejvodova-11-praha-1","status":"publish","type":"product","link":"https:\/\/www.unitedapartments.cz\/en\/flats\/apartment-21-vejvodova-11-praha-1\/","title":{"rendered":"Apartment 2+1 Vejvodova 11, Praha 1"},"content":{"rendered":"<p><strong><span style=\"color: #000000\">Rent\u00a0 \u00a0 \u00a0 \u00a0 \u00a0 \u00a0 \u00a0 \u00a0 \u00a0 \u00a0 \u00a02 500 K\u010d\/ day<br \/>\n<\/span><\/strong><\/p>\n<p><span style=\"color: #000000\">A Beautiful suite in a 17th century building offers a unique location in the heart of the Prague Old Town with all the major sites within 5 minutes walking distance. Despite being located in the very city center, the suite offers quiet and comfortable rest as the windows face a quiet side street. The wooden ceilings are original, renovated in an expensive refurbishing. Part of the beams are painted. Bathroom tiles are made of marble. Furniture is partly antique. The apartment consists of a separate bedroom, living room, kitchen and a bathroom. It has an access to a shared balcony with our other flats. The apartment is fully furnished including bedsheet, towels, kicthen equipment and other necessary amenities.<\/span><\/p>\n<p><span style=\"color: #000000\">Bedrooms: 1<br \/>\nBathrooms: 1<br \/>\nCapacity: 2<br \/>\nHeating: gas boiler<\/span><\/p>\n<p><span style=\"color: #000000\"><strong>Address: Vejvodova 445\/1, Praha 1, 110 00<\/strong><\/span><\/p>\n<p><span style=\"color: #000000\"><strong>Public transport:<\/strong><br \/>\nMetro A\/B: M\u016fstek<br \/>\nMetro B: N\u00e1rodn\u00ed t\u0159\u00edda<br \/>\nTram: N\u00e1rodn\u00ed t\u0159\u00edda<br \/>\n<\/span><\/p>\n<p>&nbsp;<\/p>\n<p><span style=\"color: #000000\">Available from: <strong>currently not available<\/strong><\/span><\/p>\n","protected":false},"excerpt":{"rendered":"<p>Rent\u00a0 \u00a0 \u00a0 \u00a0 \u00a0 \u00a0 \u00a0 \u00a0 \u00a0 \u00a0 \u00a02 500 K\u010d\/ day A Beautiful suite in a 17th century building offers a unique location in the heart of the Prague Old Town with all the major sites within 5 minutes walking distance. Despite being located in the very city center, the suite offers [&hellip;]<\/p>\n","protected":false},"featured_media":1509,"template":"","meta":[],"product_cat":[97],"product_tag":[],"acf":[],"yoast_head":"<!-- This site is optimized with the Yoast SEO plugin v20.1 - https:\/\/yoast.com\/wordpress\/plugins\/seo\/ -->\n<title>Apartment 2+1 Vejvodova 11, Praha 1 - United apartments<\/title>\n<meta name=\"robots\" content=\"index, follow, max-snippet:-1, max-image-preview:large, max-video-preview:-1\" \/>\n<link rel=\"canonical\" href=\"https:\/\/www.unitedapartments.cz\/en\/flats\/apartment-21-vejvodova-11-praha-1\/\" \/>\n<meta property=\"og:locale\" content=\"en_US\" \/>\n<meta property=\"og:type\" content=\"article\" \/>\n<meta property=\"og:title\" content=\"Apartment 2+1 Vejvodova 11, Praha 1 - United apartments\" \/>\n<meta property=\"og:description\" content=\"Rent\u00a0 \u00a0 \u00a0 \u00a0 \u00a0 \u00a0 \u00a0 \u00a0 \u00a0 \u00a0 \u00a02 500 K\u010d\/ day A Beautiful suite in a 17th century building offers a unique location in the heart of the Prague Old Town with all the major sites within 5 minutes walking distance. Despite being located in the very city center, the suite offers [&hellip;]\" \/>\n<meta property=\"og:url\" content=\"https:\/\/www.unitedapartments.cz\/en\/flats\/apartment-21-vejvodova-11-praha-1\/\" \/>\n<meta property=\"og:site_name\" content=\"United apartments\" \/>\n<meta property=\"article:modified_time\" content=\"2023-03-26T10:13:16+00:00\" \/>\n<meta property=\"og:image\" content=\"https:\/\/www.unitedapartments.cz\/wp-content\/uploads\/2023\/01\/MG_5553-kopie.jpg\" \/>\n\t<meta property=\"og:image:width\" content=\"1920\" \/>\n\t<meta property=\"og:image:height\" content=\"1280\" \/>\n\t<meta property=\"og:image:type\" content=\"image\/jpeg\" \/>\n<meta name=\"twitter:card\" content=\"summary_large_image\" \/>\n<meta name=\"twitter:label1\" content=\"Est. reading time\" \/>\n\t<meta name=\"twitter:data1\" content=\"1 minute\" \/>\n<script type=\"application\/ld+json\" class=\"yoast-schema-graph\">{\"@context\":\"https:\/\/schema.org\",\"@graph\":[{\"@type\":\"WebPage\",\"@id\":\"https:\/\/www.unitedapartments.cz\/en\/flats\/apartment-21-vejvodova-11-praha-1\/\",\"url\":\"https:\/\/www.unitedapartments.cz\/en\/flats\/apartment-21-vejvodova-11-praha-1\/\",\"name\":\"Apartment 2+1 Vejvodova 11, Praha 1 - United apartments\",\"isPartOf\":{\"@id\":\"https:\/\/www.unitedapartments.cz\/en\/#website\"},\"datePublished\":\"2023-01-29T11:55:34+00:00\",\"dateModified\":\"2023-03-26T10:13:16+00:00\",\"breadcrumb\":{\"@id\":\"https:\/\/www.unitedapartments.cz\/en\/flats\/apartment-21-vejvodova-11-praha-1\/#breadcrumb\"},\"inLanguage\":\"en-US\",\"potentialAction\":[{\"@type\":\"ReadAction\",\"target\":[\"https:\/\/www.unitedapartments.cz\/en\/flats\/apartment-21-vejvodova-11-praha-1\/\"]}]},{\"@type\":\"BreadcrumbList\",\"@id\":\"https:\/\/www.unitedapartments.cz\/en\/flats\/apartment-21-vejvodova-11-praha-1\/#breadcrumb\",\"itemListElement\":[{\"@type\":\"ListItem\",\"position\":1,\"name\":\"Home\",\"item\":\"https:\/\/www.unitedapartments.cz\/en\/\"},{\"@type\":\"ListItem\",\"position\":2,\"name\":\"Byty\",\"item\":\"https:\/\/www.unitedapartments.cz\/en\/flats\/\"},{\"@type\":\"ListItem\",\"position\":3,\"name\":\"Apartment 2+1 Vejvodova 11, Praha 1\"}]},{\"@type\":\"WebSite\",\"@id\":\"https:\/\/www.unitedapartments.cz\/en\/#website\",\"url\":\"https:\/\/www.unitedapartments.cz\/en\/\",\"name\":\"United apartments\",\"description\":\"Pron\u00e1jem byt\u016f\",\"publisher\":{\"@id\":\"https:\/\/www.unitedapartments.cz\/en\/#organization\"},\"potentialAction\":[{\"@type\":\"SearchAction\",\"target\":{\"@type\":\"EntryPoint\",\"urlTemplate\":\"https:\/\/www.unitedapartments.cz\/en\/?s={search_term_string}\"},\"query-input\":\"required name=search_term_string\"}],\"inLanguage\":\"en-US\"},{\"@type\":\"Organization\",\"@id\":\"https:\/\/www.unitedapartments.cz\/en\/#organization\",\"name\":\"United Apartments\",\"url\":\"https:\/\/www.unitedapartments.cz\/en\/\",\"logo\":{\"@type\":\"ImageObject\",\"inLanguage\":\"en-US\",\"@id\":\"https:\/\/www.unitedapartments.cz\/en\/#\/schema\/logo\/image\/\",\"url\":\"https:\/\/www.unitedapartments.cz\/wp-content\/uploads\/2022\/05\/Logo-UA-vektor-1.png\",\"contentUrl\":\"https:\/\/www.unitedapartments.cz\/wp-content\/uploads\/2022\/05\/Logo-UA-vektor-1.png\",\"width\":135,\"height\":73,\"caption\":\"United Apartments\"},\"image\":{\"@id\":\"https:\/\/www.unitedapartments.cz\/en\/#\/schema\/logo\/image\/\"}}]}<\/script>\n<!-- \/ Yoast SEO plugin. -->","yoast_head_json":{"title":"Apartment 2+1 Vejvodova 11, Praha 1 - United apartments","robots":{"index":"index","follow":"follow","max-snippet":"max-snippet:-1","max-image-preview":"max-image-preview:large","max-video-preview":"max-video-preview:-1"},"canonical":"https:\/\/www.unitedapartments.cz\/en\/flats\/apartment-21-vejvodova-11-praha-1\/","og_locale":"en_US","og_type":"article","og_title":"Apartment 2+1 Vejvodova 11, Praha 1 - United apartments","og_description":"Rent\u00a0 \u00a0 \u00a0 \u00a0 \u00a0 \u00a0 \u00a0 \u00a0 \u00a0 \u00a0 \u00a02 500 K\u010d\/ day A Beautiful suite in a 17th century building offers a unique location in the heart of the Prague Old Town with all the major sites within 5 minutes walking distance. Despite being located in the very city center, the suite offers [&hellip;]","og_url":"https:\/\/www.unitedapartments.cz\/en\/flats\/apartment-21-vejvodova-11-praha-1\/","og_site_name":"United apartments","article_modified_time":"2023-03-26T10:13:16+00:00","og_image":[{"width":1920,"height":1280,"url":"https:\/\/www.unitedapartments.cz\/wp-content\/uploads\/2023\/01\/MG_5553-kopie.jpg","type":"image\/jpeg"}],"twitter_card":"summary_large_image","twitter_misc":{"Est. reading time":"1 minute"},"schema":{"@context":"https:\/\/schema.org","@graph":[{"@type":"WebPage","@id":"https:\/\/www.unitedapartments.cz\/en\/flats\/apartment-21-vejvodova-11-praha-1\/","url":"https:\/\/www.unitedapartments.cz\/en\/flats\/apartment-21-vejvodova-11-praha-1\/","name":"Apartment 2+1 Vejvodova 11, Praha 1 - United apartments","isPartOf":{"@id":"https:\/\/www.unitedapartments.cz\/en\/#website"},"datePublished":"2023-01-29T11:55:34+00:00","dateModified":"2023-03-26T10:13:16+00:00","breadcrumb":{"@id":"https:\/\/www.unitedapartments.cz\/en\/flats\/apartment-21-vejvodova-11-praha-1\/#breadcrumb"},"inLanguage":"en-US","potentialAction":[{"@type":"ReadAction","target":["https:\/\/www.unitedapartments.cz\/en\/flats\/apartment-21-vejvodova-11-praha-1\/"]}]},{"@type":"BreadcrumbList","@id":"https:\/\/www.unitedapartments.cz\/en\/flats\/apartment-21-vejvodova-11-praha-1\/#breadcrumb","itemListElement":[{"@type":"ListItem","position":1,"name":"Home","item":"https:\/\/www.unitedapartments.cz\/en\/"},{"@type":"ListItem","position":2,"name":"Byty","item":"https:\/\/www.unitedapartments.cz\/en\/flats\/"},{"@type":"ListItem","position":3,"name":"Apartment 2+1 Vejvodova 11, Praha 1"}]},{"@type":"WebSite","@id":"https:\/\/www.unitedapartments.cz\/en\/#website","url":"https:\/\/www.unitedapartments.cz\/en\/","name":"United apartments","description":"Pron\u00e1jem byt\u016f","publisher":{"@id":"https:\/\/www.unitedapartments.cz\/en\/#organization"},"potentialAction":[{"@type":"SearchAction","target":{"@type":"EntryPoint","urlTemplate":"https:\/\/www.unitedapartments.cz\/en\/?s={search_term_string}"},"query-input":"required name=search_term_string"}],"inLanguage":"en-US"},{"@type":"Organization","@id":"https:\/\/www.unitedapartments.cz\/en\/#organization","name":"United Apartments","url":"https:\/\/www.unitedapartments.cz\/en\/","logo":{"@type":"ImageObject","inLanguage":"en-US","@id":"https:\/\/www.unitedapartments.cz\/en\/#\/schema\/logo\/image\/","url":"https:\/\/www.unitedapartments.cz\/wp-content\/uploads\/2022\/05\/Logo-UA-vektor-1.png","contentUrl":"https:\/\/www.unitedapartments.cz\/wp-content\/uploads\/2022\/05\/Logo-UA-vektor-1.png","width":135,"height":73,"caption":"United Apartments"},"image":{"@id":"https:\/\/www.unitedapartments.cz\/en\/#\/schema\/logo\/image\/"}}]}},"_links":{"self":[{"href":"https:\/\/www.unitedapartments.cz\/en\/wp-json\/wp\/v2\/product\/1513"}],"collection":[{"href":"https:\/\/www.unitedapartments.cz\/en\/wp-json\/wp\/v2\/product"}],"about":[{"href":"https:\/\/www.unitedapartments.cz\/en\/wp-json\/wp\/v2\/types\/product"}],"wp:featuredmedia":[{"embeddable":true,"href":"https:\/\/www.unitedapartments.cz\/en\/wp-json\/wp\/v2\/media\/1509"}],"wp:attachment":[{"href":"https:\/\/www.unitedapartments.cz\/en\/wp-json\/wp\/v2\/media?parent=1513"}],"wp:term":[{"taxonomy":"product_cat","embeddable":true,"href":"https:\/\/www.unitedapartments.cz\/en\/wp-json\/wp\/v2\/product_cat?post=1513"},{"taxonomy":"product_tag","embeddable":true,"href":"https:\/\/www.unitedapartments.cz\/en\/wp-json\/wp\/v2\/product_tag?post=1513"}],"curies":[{"name":"wp","href":"https:\/\/api.w.org\/{rel}","templated":true}]}}