{"id":1686,"date":"2023-01-28T18:05:19","date_gmt":"2023-01-28T17:05:19","guid":{"rendered":"https:\/\/www.unitedapartments.cz\/byty\/byt-1kk-pernerova-13-praha-8\/"},"modified":"2023-03-26T11:12:05","modified_gmt":"2023-03-26T10:12:05","slug":"apartment-1kitchenette-pernerova-13-praha-8","status":"publish","type":"product","link":"https:\/\/www.unitedapartments.cz\/en\/flats\/apartment-1kitchenette-pernerova-13-praha-8\/","title":{"rendered":"Apartment 1+kitchenette Pernerova 13, Praha 8"},"content":{"rendered":"<p><strong><span style=\"color: #000000\">Rent\u00a0 \u00a0 \u00a0 \u00a0 \u00a0 \u00a0 \u00a0 \u00a0 \u00a0 \u00a0 \u00a016 500 K\u010d<br \/>\nUtilities\u00a0 \u00a0 \u00a0 \u00a0 \u00a0 \u00a0 \u00a0 \u00a0 \u00a01 000 K\u010d<br \/>\n<\/span><\/strong><\/p>\n<p><strong><span style=\"color: #000000\">Total\u00a0 \u00a0 \u00a0 \u00a0 \u00a0 \u00a0 \u00a0 \u00a0 \u00a0 \u00a0 17 500 K\u010d<br \/>\nDeposits for electricity\u00a0 \u00a0 \u00a0 \u00a0 To be transferred to the tenant<\/span><\/strong><\/p>\n<p><span style=\"color: #000000\">Just refurbished loft in Karlin, probably the most hip quarter of Prague!<\/span><br \/>\n<span style=\"color: #000000\">Using steel beams and uncovering 140 year old original paint, we wanted to embrace the industrial history of the quarter and give you an authentic Prague experience.<\/span><br \/>\n<span style=\"color: #000000\">Loads of cafes, offices, bistros and restaurants all around. With a tram stop and metro right in front of the house it will take you 7 minutes to get to the Old Town while staying in a residential area. The apartment is fully furnished including bedsheet, towels, kicthen equipment and other necessary amenities<\/span><\/p>\n<p><span style=\"color: #000000\">Bedrooms: 1<br \/>\nBathrooms: 1<br \/>\nCapacity: 2<br \/>\nHeating: electrical<\/span><\/p>\n<p><span style=\"color: #000000\"><strong>Address: Pernerova 326\/18, Praha 8, 186 00<br \/>\n<\/strong><\/span><\/p>\n<p><span style=\"color: #000000\"><strong>Public transport:<\/strong><\/span><br \/>\n<span style=\"color: #000000\">Metro B<br \/>\nTram: K\u0159i\u017e\u00edkova<\/span><\/p>\n<p>&nbsp;<\/p>\n<p><span style=\"color: #000000\">Available from: <strong>currently not available<\/strong><\/span><\/p>\n","protected":false},"excerpt":{"rendered":"<p>Rent\u00a0 \u00a0 \u00a0 \u00a0 \u00a0 \u00a0 \u00a0 \u00a0 \u00a0 \u00a0 \u00a016 500 K\u010d Utilities\u00a0 \u00a0 \u00a0 \u00a0 \u00a0 \u00a0 \u00a0 \u00a0 \u00a01 000 K\u010d Total\u00a0 \u00a0 \u00a0 \u00a0 \u00a0 \u00a0 \u00a0 \u00a0 \u00a0 \u00a0 17 500 K\u010d Deposits for electricity\u00a0 \u00a0 \u00a0 \u00a0 To be transferred to the tenant Just refurbished loft in Karlin, probably [&hellip;]<\/p>\n","protected":false},"featured_media":1661,"template":"","meta":[],"product_cat":[97],"product_tag":[],"acf":[],"yoast_head":"<!-- This site is optimized with the Yoast SEO plugin v20.1 - https:\/\/yoast.com\/wordpress\/plugins\/seo\/ -->\n<title>Apartment 1+kitchenette Pernerova 13, Praha 8 - United apartments<\/title>\n<meta name=\"robots\" content=\"index, follow, max-snippet:-1, max-image-preview:large, max-video-preview:-1\" \/>\n<link rel=\"canonical\" href=\"https:\/\/www.unitedapartments.cz\/en\/flats\/apartment-1kitchenette-pernerova-13-praha-8\/\" \/>\n<meta property=\"og:locale\" content=\"en_US\" \/>\n<meta property=\"og:type\" content=\"article\" \/>\n<meta property=\"og:title\" content=\"Apartment 1+kitchenette Pernerova 13, Praha 8 - United apartments\" \/>\n<meta property=\"og:description\" content=\"Rent\u00a0 \u00a0 \u00a0 \u00a0 \u00a0 \u00a0 \u00a0 \u00a0 \u00a0 \u00a0 \u00a016 500 K\u010d Utilities\u00a0 \u00a0 \u00a0 \u00a0 \u00a0 \u00a0 \u00a0 \u00a0 \u00a01 000 K\u010d Total\u00a0 \u00a0 \u00a0 \u00a0 \u00a0 \u00a0 \u00a0 \u00a0 \u00a0 \u00a0 17 500 K\u010d Deposits for electricity\u00a0 \u00a0 \u00a0 \u00a0 To be transferred to the tenant Just refurbished loft in Karlin, probably [&hellip;]\" \/>\n<meta property=\"og:url\" content=\"https:\/\/www.unitedapartments.cz\/en\/flats\/apartment-1kitchenette-pernerova-13-praha-8\/\" \/>\n<meta property=\"og:site_name\" content=\"United apartments\" \/>\n<meta property=\"article:modified_time\" content=\"2023-03-26T10:12:05+00:00\" \/>\n<meta property=\"og:image\" content=\"https:\/\/www.unitedapartments.cz\/wp-content\/uploads\/2023\/01\/MT5_0636-kopie-scaled.jpg\" \/>\n\t<meta property=\"og:image:width\" content=\"2560\" \/>\n\t<meta property=\"og:image:height\" content=\"1707\" \/>\n\t<meta property=\"og:image:type\" content=\"image\/jpeg\" \/>\n<meta name=\"twitter:card\" content=\"summary_large_image\" \/>\n<meta name=\"twitter:label1\" content=\"Est. reading time\" \/>\n\t<meta name=\"twitter:data1\" content=\"1 minute\" \/>\n<script type=\"application\/ld+json\" class=\"yoast-schema-graph\">{\"@context\":\"https:\/\/schema.org\",\"@graph\":[{\"@type\":\"WebPage\",\"@id\":\"https:\/\/www.unitedapartments.cz\/en\/flats\/apartment-1kitchenette-pernerova-13-praha-8\/\",\"url\":\"https:\/\/www.unitedapartments.cz\/en\/flats\/apartment-1kitchenette-pernerova-13-praha-8\/\",\"name\":\"Apartment 1+kitchenette Pernerova 13, Praha 8 - United apartments\",\"isPartOf\":{\"@id\":\"https:\/\/www.unitedapartments.cz\/en\/#website\"},\"datePublished\":\"2023-01-28T17:05:19+00:00\",\"dateModified\":\"2023-03-26T10:12:05+00:00\",\"breadcrumb\":{\"@id\":\"https:\/\/www.unitedapartments.cz\/en\/flats\/apartment-1kitchenette-pernerova-13-praha-8\/#breadcrumb\"},\"inLanguage\":\"en-US\",\"potentialAction\":[{\"@type\":\"ReadAction\",\"target\":[\"https:\/\/www.unitedapartments.cz\/en\/flats\/apartment-1kitchenette-pernerova-13-praha-8\/\"]}]},{\"@type\":\"BreadcrumbList\",\"@id\":\"https:\/\/www.unitedapartments.cz\/en\/flats\/apartment-1kitchenette-pernerova-13-praha-8\/#breadcrumb\",\"itemListElement\":[{\"@type\":\"ListItem\",\"position\":1,\"name\":\"Home\",\"item\":\"https:\/\/www.unitedapartments.cz\/en\/\"},{\"@type\":\"ListItem\",\"position\":2,\"name\":\"Byty\",\"item\":\"https:\/\/www.unitedapartments.cz\/en\/flats\/\"},{\"@type\":\"ListItem\",\"position\":3,\"name\":\"Apartment 1+kitchenette Pernerova 13, Praha 8\"}]},{\"@type\":\"WebSite\",\"@id\":\"https:\/\/www.unitedapartments.cz\/en\/#website\",\"url\":\"https:\/\/www.unitedapartments.cz\/en\/\",\"name\":\"United apartments\",\"description\":\"Pron\u00e1jem byt\u016f\",\"publisher\":{\"@id\":\"https:\/\/www.unitedapartments.cz\/en\/#organization\"},\"potentialAction\":[{\"@type\":\"SearchAction\",\"target\":{\"@type\":\"EntryPoint\",\"urlTemplate\":\"https:\/\/www.unitedapartments.cz\/en\/?s={search_term_string}\"},\"query-input\":\"required name=search_term_string\"}],\"inLanguage\":\"en-US\"},{\"@type\":\"Organization\",\"@id\":\"https:\/\/www.unitedapartments.cz\/en\/#organization\",\"name\":\"United Apartments\",\"url\":\"https:\/\/www.unitedapartments.cz\/en\/\",\"logo\":{\"@type\":\"ImageObject\",\"inLanguage\":\"en-US\",\"@id\":\"https:\/\/www.unitedapartments.cz\/en\/#\/schema\/logo\/image\/\",\"url\":\"https:\/\/www.unitedapartments.cz\/wp-content\/uploads\/2022\/05\/Logo-UA-vektor-1.png\",\"contentUrl\":\"https:\/\/www.unitedapartments.cz\/wp-content\/uploads\/2022\/05\/Logo-UA-vektor-1.png\",\"width\":135,\"height\":73,\"caption\":\"United Apartments\"},\"image\":{\"@id\":\"https:\/\/www.unitedapartments.cz\/en\/#\/schema\/logo\/image\/\"}}]}<\/script>\n<!-- \/ Yoast SEO plugin. -->","yoast_head_json":{"title":"Apartment 1+kitchenette Pernerova 13, Praha 8 - United apartments","robots":{"index":"index","follow":"follow","max-snippet":"max-snippet:-1","max-image-preview":"max-image-preview:large","max-video-preview":"max-video-preview:-1"},"canonical":"https:\/\/www.unitedapartments.cz\/en\/flats\/apartment-1kitchenette-pernerova-13-praha-8\/","og_locale":"en_US","og_type":"article","og_title":"Apartment 1+kitchenette Pernerova 13, Praha 8 - United apartments","og_description":"Rent\u00a0 \u00a0 \u00a0 \u00a0 \u00a0 \u00a0 \u00a0 \u00a0 \u00a0 \u00a0 \u00a016 500 K\u010d Utilities\u00a0 \u00a0 \u00a0 \u00a0 \u00a0 \u00a0 \u00a0 \u00a0 \u00a01 000 K\u010d Total\u00a0 \u00a0 \u00a0 \u00a0 \u00a0 \u00a0 \u00a0 \u00a0 \u00a0 \u00a0 17 500 K\u010d Deposits for electricity\u00a0 \u00a0 \u00a0 \u00a0 To be transferred to the tenant Just refurbished loft in Karlin, probably [&hellip;]","og_url":"https:\/\/www.unitedapartments.cz\/en\/flats\/apartment-1kitchenette-pernerova-13-praha-8\/","og_site_name":"United apartments","article_modified_time":"2023-03-26T10:12:05+00:00","og_image":[{"width":2560,"height":1707,"url":"https:\/\/www.unitedapartments.cz\/wp-content\/uploads\/2023\/01\/MT5_0636-kopie-scaled.jpg","type":"image\/jpeg"}],"twitter_card":"summary_large_image","twitter_misc":{"Est. reading time":"1 minute"},"schema":{"@context":"https:\/\/schema.org","@graph":[{"@type":"WebPage","@id":"https:\/\/www.unitedapartments.cz\/en\/flats\/apartment-1kitchenette-pernerova-13-praha-8\/","url":"https:\/\/www.unitedapartments.cz\/en\/flats\/apartment-1kitchenette-pernerova-13-praha-8\/","name":"Apartment 1+kitchenette Pernerova 13, Praha 8 - United apartments","isPartOf":{"@id":"https:\/\/www.unitedapartments.cz\/en\/#website"},"datePublished":"2023-01-28T17:05:19+00:00","dateModified":"2023-03-26T10:12:05+00:00","breadcrumb":{"@id":"https:\/\/www.unitedapartments.cz\/en\/flats\/apartment-1kitchenette-pernerova-13-praha-8\/#breadcrumb"},"inLanguage":"en-US","potentialAction":[{"@type":"ReadAction","target":["https:\/\/www.unitedapartments.cz\/en\/flats\/apartment-1kitchenette-pernerova-13-praha-8\/"]}]},{"@type":"BreadcrumbList","@id":"https:\/\/www.unitedapartments.cz\/en\/flats\/apartment-1kitchenette-pernerova-13-praha-8\/#breadcrumb","itemListElement":[{"@type":"ListItem","position":1,"name":"Home","item":"https:\/\/www.unitedapartments.cz\/en\/"},{"@type":"ListItem","position":2,"name":"Byty","item":"https:\/\/www.unitedapartments.cz\/en\/flats\/"},{"@type":"ListItem","position":3,"name":"Apartment 1+kitchenette Pernerova 13, Praha 8"}]},{"@type":"WebSite","@id":"https:\/\/www.unitedapartments.cz\/en\/#website","url":"https:\/\/www.unitedapartments.cz\/en\/","name":"United apartments","description":"Pron\u00e1jem byt\u016f","publisher":{"@id":"https:\/\/www.unitedapartments.cz\/en\/#organization"},"potentialAction":[{"@type":"SearchAction","target":{"@type":"EntryPoint","urlTemplate":"https:\/\/www.unitedapartments.cz\/en\/?s={search_term_string}"},"query-input":"required name=search_term_string"}],"inLanguage":"en-US"},{"@type":"Organization","@id":"https:\/\/www.unitedapartments.cz\/en\/#organization","name":"United Apartments","url":"https:\/\/www.unitedapartments.cz\/en\/","logo":{"@type":"ImageObject","inLanguage":"en-US","@id":"https:\/\/www.unitedapartments.cz\/en\/#\/schema\/logo\/image\/","url":"https:\/\/www.unitedapartments.cz\/wp-content\/uploads\/2022\/05\/Logo-UA-vektor-1.png","contentUrl":"https:\/\/www.unitedapartments.cz\/wp-content\/uploads\/2022\/05\/Logo-UA-vektor-1.png","width":135,"height":73,"caption":"United Apartments"},"image":{"@id":"https:\/\/www.unitedapartments.cz\/en\/#\/schema\/logo\/image\/"}}]}},"_links":{"self":[{"href":"https:\/\/www.unitedapartments.cz\/en\/wp-json\/wp\/v2\/product\/1686"}],"collection":[{"href":"https:\/\/www.unitedapartments.cz\/en\/wp-json\/wp\/v2\/product"}],"about":[{"href":"https:\/\/www.unitedapartments.cz\/en\/wp-json\/wp\/v2\/types\/product"}],"wp:featuredmedia":[{"embeddable":true,"href":"https:\/\/www.unitedapartments.cz\/en\/wp-json\/wp\/v2\/media\/1661"}],"wp:attachment":[{"href":"https:\/\/www.unitedapartments.cz\/en\/wp-json\/wp\/v2\/media?parent=1686"}],"wp:term":[{"taxonomy":"product_cat","embeddable":true,"href":"https:\/\/www.unitedapartments.cz\/en\/wp-json\/wp\/v2\/product_cat?post=1686"},{"taxonomy":"product_tag","embeddable":true,"href":"https:\/\/www.unitedapartments.cz\/en\/wp-json\/wp\/v2\/product_tag?post=1686"}],"curies":[{"name":"wp","href":"https:\/\/api.w.org\/{rel}","templated":true}]}}